{"id":103,"date":"2019-11-13T03:23:22","date_gmt":"2019-11-13T03:23:22","guid":{"rendered":"http:\/\/trustrepair.shop\/services-1\/"},"modified":"2026-04-20T21:02:16","modified_gmt":"2026-04-20T21:02:16","slug":"services-1","status":"publish","type":"page","link":"https:\/\/trustrepair.shop\/fr\/services-1\/","title":{"rendered":"Services"},"content":{"rendered":"<!--themify_builder_content-->\n<div id=\"themify_builder_content-103\" data-postid=\"103\" class=\"themify_builder_content themify_builder_content-103 themify_builder tf_clear\">\n                    <div  data-lazy=\"1\" class=\"module_row themify_builder_row tb_kybk555 tb_first tf_w\">\n            <span  class=\"builder_row_cover tf_abs\" data-lazy=\"1\"><\/span>            <div class=\"row_inner col_align_top tb_col_count_2 tf_box tf_rel\">\n                        <div  data-lazy=\"1\" class=\"module_column tb-column col3-2 tb_x101555 first\">\n                    <!-- module text -->\n<div  class=\"module module-text tb_y9e4254\" data-lazy=\"1\">\n        <div  class=\"tb_text_wrap\">\n        <h1>Nos Services<\/h1>    <\/div>\n<\/div>\n<!-- \/module text -->        <\/div>\n                    <div  data-lazy=\"1\" class=\"module_column tb-column col3-1 tb_2g0h556 last\">\n                            <\/div>\n                        <\/div>\n        <\/div>\n                        <div  data-lazy=\"1\" class=\"module_row themify_builder_row tb_chn8996 tf_w\">\n                        <div class=\"row_inner col_align_top tb_col_count_1 tf_box tf_rel\">\n                        <div  data-lazy=\"1\" class=\"module_column tb-column col-full tb_ebnr997 first\">\n                    <!-- module text -->\n<div  class=\"module module-text tb_v9ci155\" data-lazy=\"1\">\n        <div  class=\"tb_text_wrap\">\n        <div class=\"module module-fancy-heading tb_u4vt445\">\n<h3 class=\"fancy-heading tf_textc\">TYPES DE SERVICES R\u00c9PARATION AUTOMOBILE<\/h3>\n<\/div>\n<div class=\"module_subrow themify_builder_sub_row tb_l8nr748 tf_w tf_clearfix\">\n<div class=\"subrow_inner col_align_top tb_col_count_3 tf_box tf_w\">\n<div class=\"module_column sub_column col3-1 tb_zg8d748 first\">\n<div class=\"tb-column-inner tf_box tf_w\">\n<div class=\"module module-image tb_0gjb402 image-center tf_mw\">\u00a0<\/div>\n<\/div>\n<\/div>\n<\/div>\n<\/div>    <\/div>\n<\/div>\n<!-- \/module text -->        <div  data-lazy=\"1\" class=\"module_subrow themify_builder_sub_row tf_w col_align_top tb_col_count_3 tb_cbde385\">\n                <div  data-lazy=\"1\" class=\"module_column sub_column col3-1 tb_j0uv388 first\">\n                    <!-- module image -->\n<div  class=\"module module-image tb_5pri389 image-center   tf_mw\" data-lazy=\"1\">\n        <div class=\"image-wrap tf_rel tf_mw\">\n            <img loading=\"lazy\" decoding=\"async\" src=\"https:\/\/trustrepair.shop\/wp-content\/uploads\/2024\/01\/getty-images-LwVJURJz3Ds-unsplash-1024x683-358x258.jpg\" width=\"358\" height=\"258\" class=\"wp-post-image wp-image-269\" title=\"getty-images-LwVJURJz3Ds-unsplash\" alt=\"getty-images-LwVJURJz3Ds-unsplash\">    \n        <\/div>\n    <!-- \/image-wrap -->\n    \n        <\/div>\n<!-- \/module image --><!-- module text -->\n<div  class=\"module module-text tb_vhcn390    tb_gs345da\" data-lazy=\"1\">\n        <div  class=\"tb_text_wrap\">\n        <h3>R\u00c9PARATION DE CAROSSERIE<\/h3>\n<p style=\"text-align: left;\"><span style=\"color: #242323;\">Vous imaginez probablement une \u00e9quipe de techniciens talentueux travaillant dur pour redonner \u00e0 votre voiture ou \u00e0 un autre type de v\u00e9hicule son ancienne gloire. Et, si c'est le cas, vous n'\u00eates pas loin de la v\u00e9rit\u00e9. Mais il y a beaucoup plus dans le processus de r\u00e9paration de carrosserie automobile que cela, nous avons \u00e9lev\u00e9 la norme pour la r\u00e9paration de collision et de carrosserie automobile de qualit\u00e9.<\/span><\/p>    <\/div>\n<\/div>\n<!-- \/module text -->        <\/div>\n                    <div  data-lazy=\"1\" class=\"module_column sub_column col3-1 tb_aobz390\">\n                    <!-- module image -->\n<div  class=\"module module-image tb_yuml390 image-center   tf_mw\" data-lazy=\"1\">\n        <div class=\"image-wrap tf_rel tf_mw\">\n            <img loading=\"lazy\" decoding=\"async\" src=\"https:\/\/trustrepair.shop\/wp-content\/uploads\/2024\/01\/engine-e1706382523629-1024x917-358x258.jpeg\" width=\"358\" height=\"258\" class=\"wp-post-image wp-image-375\" title=\"engine\" alt=\"engine\">    \n        <\/div>\n    <!-- \/image-wrap -->\n    \n        <\/div>\n<!-- \/module image --><!-- module text -->\n<div  class=\"module module-text tb_y7qi391    tb_gs345da\" data-lazy=\"1\">\n        <div  class=\"tb_text_wrap\">\n        <h3>R\u00c9PARATION DE MOTEUR<\/h3>\n<p style=\"text-align: left;\"><span style=\"font-family: S\u00f6hne, ui-sans-serif, system-ui, -apple-system, 'Segoe UI', Roboto, Ubuntu, Cantarell, 'Noto Sans', sans-serif, 'Helvetica Neue', Arial, 'Apple Color Emoji', 'Segoe UI Emoji', 'Segoe UI Symbol', 'Noto Color Emoji'; text-align: start; white-space-collapse: preserve; color: #242323;\">Un entretien r\u00e9gulier du moteur peut redonner puissance et efficacit\u00e9 \u00e0 votre voiture. Si votre v\u00e9hicule d\u00e9passe le stade de l'entretien pr\u00e9ventif, TRUST REPAIR peut s'occuper des r\u00e9parations du moteur pour aider votre v\u00e9hicule \u00e0 durer plus longtemps. Avec quelque chose d'aussi important que la r\u00e9paration du moteur, faites confiance aux experts.<\/span><\/p>    <\/div>\n<\/div>\n<!-- \/module text -->        <\/div>\n                    <div  data-lazy=\"1\" class=\"module_column sub_column col3-1 tb_7n39391 last\">\n                    <!-- module image -->\n<div  class=\"module module-image tb_62rd391 image-center   tf_mw\" data-lazy=\"1\">\n        <div class=\"image-wrap tf_rel tf_mw\">\n            <img loading=\"lazy\" decoding=\"async\" src=\"https:\/\/trustrepair.shop\/wp-content\/uploads\/2025\/03\/pexels-daniel-andraski-197681005-11731974-scaled-e1743119596713-999x1024-358x258.jpg\" width=\"358\" height=\"258\" class=\"wp-post-image wp-image-557\" title=\"pexels-daniel-andraski-197681005-11731974\" alt=\"pexels-daniel-andraski-197681005-11731974\">    \n        <\/div>\n    <!-- \/image-wrap -->\n    \n        <\/div>\n<!-- \/module image --><!-- module text -->\n<div  class=\"module module-text tb_8l1t391    tb_gs345da\" data-lazy=\"1\">\n        <div  class=\"tb_text_wrap\">\n        <h3 class=\"title text-align-center\">Duplication et programmation de cl\u00e9s<\/h3>\n<div>\n<div class=\"relative flex w-full flex-col lg:w-[calc(100%-115px)]\">\n<div class=\"flex-col gap-1 md:gap-3\">\n<div class=\"flex flex-grow flex-col max-w-full\">\n<div class=\"min-h-[20px] text-message flex flex-col items-start gap-3 whitespace-pre-wrap break-words [.text-message+&amp;]:mt-5 overflow-x-auto\" data-message-author-role=\"user\" data-message-id=\"aaa29101-68d7-4176-a2f9-319e20652bad\">\n<div class=\"\">Quelle que soit l'urgence, que vous soyez\u00a0<strong>enferm\u00e9 \u00e0 l'ext\u00e9rieur de votre voiture<\/strong>, que vous ayez besoin d'un remplacement de cl\u00e9 ou que votre transpondeur ait cess\u00e9 de fonctionner, nos professionnels sont l\u00e0 pour vous aider.<\/div>\n<\/div>\n<div>Chosissez <strong>Trust Repair<\/strong> \u00a0pour un remplacement de cl\u00e9 de voiture \u00e0 prix abordable et un service de qualit\u00e9, o\u00f9 que vous soyez et quand vous en avez besoin.<\/div>\n<\/div>\n<\/div>\n<\/div>\n<\/div>    <\/div>\n<\/div>\n<!-- \/module text -->        <\/div>\n                    <\/div>\n                <div  data-lazy=\"1\" class=\"module_subrow themify_builder_sub_row tf_w col_align_top tb_col_count_3 tb_5eoh461\">\n                <div  data-lazy=\"1\" class=\"module_column sub_column col3-1 tb_be1q463 first\">\n                    <!-- module image -->\n<div  class=\"module module-image tb_375u463 image-center   tf_mw\" data-lazy=\"1\">\n        <div class=\"image-wrap tf_rel tf_mw\">\n            <img loading=\"lazy\" decoding=\"async\" src=\"https:\/\/trustrepair.shop\/wp-content\/uploads\/2024\/01\/AC-REPAIR-1024x396-358x258.jpeg\" width=\"358\" height=\"258\" class=\"wp-post-image wp-image-367\" title=\"AC REPAIR\" alt=\"AC REPAIR\">    \n        <\/div>\n    <!-- \/image-wrap -->\n    \n        <\/div>\n<!-- \/module image --><!-- module text -->\n<div  class=\"module module-text tb_jjd4464    tb_gs345da\" data-lazy=\"1\">\n        <div  class=\"tb_text_wrap\">\n        <h3>R\u00e9paration et services de climatisation<\/h3>\n<p style=\"text-align: left;\"><span style=\"color: #242323;\">Votre climatisation de voiture est-elle en panne ? Ne vous inqui\u00e9tez pas. Nous pouvons diagnostiquer le probl\u00e8me avec un contr\u00f4le de performance de la climatisation. Chez <span style=\"font-weight: bold;\">TRUST REPAIR<\/span>, votre voiture est entre de bonnes mains. Nos techniciens automobiles experts offrent un service et une r\u00e9paration de climatisation de qualit\u00e9 \u00e0 des prix excellents et abordables.<\/span><\/p>    <\/div>\n<\/div>\n<!-- \/module text -->        <\/div>\n                    <div  data-lazy=\"1\" class=\"module_column sub_column col3-1 tb_otug464\">\n                    <!-- module image -->\n<div  class=\"module module-image tb_sczb464 image-center   tf_mw\" data-lazy=\"1\">\n        <div class=\"image-wrap tf_rel tf_mw\">\n            <img loading=\"lazy\" decoding=\"async\" src=\"https:\/\/trustrepair.shop\/wp-content\/uploads\/2024\/01\/pexels-abasiakan-12555016-1024x678-358x258.jpg\" width=\"358\" height=\"258\" class=\"wp-post-image wp-image-270\" title=\"pexels-abasiakan-12555016\" alt=\"pexels-abasiakan-12555016\">    \n        <\/div>\n    <!-- \/image-wrap -->\n    \n        <\/div>\n<!-- \/module image --><!-- module text -->\n<div  class=\"module module-text tb_wmtz465    tb_gs345da\" data-lazy=\"1\">\n        <div  class=\"tb_text_wrap\">\n        <h3 class=\"title text-align-center\" style=\"text-align: center;\">ENTRETIEN DE VOITURE<\/h3>\n<p>Les \"tune-ups\" moteur d'aujourd'hui peuvent inclure une large gamme de services d'entretien, allant de la v\u00e9rification et du remplacement des bougies d'allumage et des diff\u00e9rents filtres au nettoyage du syst\u00e8me de carburant. TRUST REPAIR propose des services de \"tune-up\" qui conviennent \u00e0 vos besoins. Si vous avez besoin de r\u00e9parations plus cibl\u00e9es, nos techniciens vous le feront savoir.\u00a0<\/p>    <\/div>\n<\/div>\n<!-- \/module text -->        <\/div>\n                    <div  data-lazy=\"1\" class=\"module_column sub_column col3-1 tb_zy36465 last\">\n                    <!-- module image -->\n<div  class=\"module module-image tb_k11r466 image-center   tf_mw\" data-lazy=\"1\">\n        <div class=\"image-wrap tf_rel tf_mw\">\n            <img loading=\"lazy\" decoding=\"async\" src=\"https:\/\/trustrepair.shop\/wp-content\/uploads\/2024\/01\/pexels-tima-miroshnichenko-6872575-1024x683-358x258.jpg\" width=\"358\" height=\"258\" class=\"wp-post-image wp-image-305\" title=\"pexels-tima-miroshnichenko-6872575\" alt=\"pexels-tima-miroshnichenko-6872575\">    \n        <\/div>\n    <!-- \/image-wrap -->\n    \n        <\/div>\n<!-- \/module image --><!-- module text -->\n<div  class=\"module module-text tb_wiki466    tb_gs345da\" data-lazy=\"1\">\n        <div  class=\"tb_text_wrap\">\n        <h3>Lavage et shampoing de voiture<\/h3>\n<p style=\"text-align: left;\"><span style=\"color: #242323;\">Un service de lavage de voiture est bien plus qu'un simple ajout d'\u00e9clat \u00e0 votre v\u00e9hicule. Un lavage de voiture complet offre un nettoyage approfondi \u00e0 la fois \u00e0 l'int\u00e9rieur et \u00e0 l'ext\u00e9rieur de votre voiture. C'est une exp\u00e9rience d\u00e9taill\u00e9e qui combine \u00e0 la fois efficacit\u00e9 et rapport qualit\u00e9-prix. C'est une excellente exp\u00e9rience car elle vous laisse la sensation agr\u00e9able de conduire une voiture \u00e9tincelante.<\/span><\/p>    <\/div>\n<\/div>\n<!-- \/module text -->        <\/div>\n                    <\/div>\n                <div  data-lazy=\"1\" class=\"module_subrow themify_builder_sub_row tf_w col_align_top tb_col_count_3 tb_qphl184\">\n                <div  data-lazy=\"1\" class=\"module_column sub_column col3-1 tb_19fz184 first\">\n                            <\/div>\n                    <div  data-lazy=\"1\" class=\"module_column sub_column col3-1 tb_j03v184\">\n                    <!-- module buttons -->\n<div  class=\"module module-buttons tb_12ve785 buttons-horizontal solid   circle buttons-fullwidth\" data-lazy=\"1\">\n        <div class=\"module-buttons-item tf_in_flx\">\n                        <a href=\"https:\/\/trustrepair.shop\/fr\/trust-keys\/\" class=\"ui builder_button tf_in_flx orange\" >\n                                                Trust Keys                                        <\/a>\n                <\/div>\n            <\/div>\n<!-- \/module buttons -->\n        <\/div>\n                    <div  data-lazy=\"1\" class=\"module_column sub_column col3-1 tb_mirh184 last\">\n                            <\/div>\n                    <\/div>\n                <\/div>\n                        <\/div>\n        <\/div>\n                        <div  data-css_id=\"w759637\" data-lazy=\"1\" class=\"module_row themify_builder_row fullwidth_row_container tb_w759637 tf_w\">\n                        <div class=\"row_inner col_align_top tb_col_count_2 tf_box tf_rel\">\n                        <div  data-lazy=\"1\" class=\"module_column tb-column col3-2 tb_r2wg638 first\">\n                    <!-- module text -->\n<div  class=\"module module-text tb_vod3556\" data-lazy=\"1\">\n        <div  class=\"tb_text_wrap\">\n        <h3>Nous nous engageons \u00e0 respecter la qualit\u00e9.<\/h3>\n<div class=\"w-full text-token-text-primary\" data-testid=\"conversation-turn-39\">\n<div class=\"px-4 py-2 justify-center text-base md:gap-6 m-auto\">\n<div class=\"flex flex-1 text-base mx-auto gap-3 md:px-5 lg:px-1 xl:px-5 md:max-w-3xl lg:max-w-[40rem] xl:max-w-[48rem] group\">\n<div class=\"relative flex w-full flex-col lg:w-[calc(100%-115px)] agent-turn\">\n<div class=\"flex-col gap-1 md:gap-3\">\n<div class=\"flex flex-grow flex-col max-w-full\">\n<div class=\"min-h-[20px] text-message flex flex-col items-start gap-3 whitespace-pre-wrap break-words [.text-message+&amp;]:mt-5 overflow-x-auto\" data-message-author-role=\"assistant\" data-message-id=\"4a644716-78bf-4daf-9b57-781437a17912\">\n<div class=\"markdown prose w-full break-words dark:prose-invert light\">\n<p>Nous sommes d\u00e9di\u00e9s \u00e0 l'excellence et \u00e0 la pr\u00e9cision - deux \u00e9l\u00e9ments qui nous ont permis de nous d\u00e9marquer dans l'industrie. Nous sommes fiers de notre travail et nous faisons tout ce qui est n\u00e9cessaire pour accomplir la t\u00e2che.<\/p>\n<\/div>\n<\/div>\n<\/div>\n<\/div>\n<\/div>\n<\/div>\n<\/div>\n<\/div>    <\/div>\n<\/div>\n<!-- \/module text --><!-- module buttons -->\n<div  class=\"module module-buttons tb_hhlw272 buttons-horizontal solid   squared\" data-lazy=\"1\">\n        <div class=\"module-buttons-item tf_in_flx\">\n                        <a href=\"https:\/\/trustrepair.shop\/fr\/contact\/\" class=\"ui builder_button tf_in_flx orange\" >\n                                                Contactez-Nous                                        <\/a>\n                <\/div>\n            <\/div>\n<!-- \/module buttons -->\n        <\/div>\n                    <div  data-lazy=\"1\" class=\"module_column tb-column col3-1 tb_7ai637 last\">\n                            <\/div>\n                        <\/div>\n        <\/div>\n        <\/div>\n<!--\/themify_builder_content-->","protected":false},"excerpt":{"rendered":"<p>Nos Services<\/p>","protected":false},"author":1,"featured_media":0,"parent":0,"menu_order":0,"comment_status":"closed","ping_status":"closed","template":"","meta":{"_seopress_robots_primary_cat":"","_seopress_titles_title":"","_seopress_titles_desc":"","_seopress_robots_index":"","_analytify_skip_tracking":false,"footnotes":""},"class_list":["post-103","page","type-page","status-publish","hentry","has-post-title","has-post-date","has-post-category","has-post-tag","has-post-comment","has-post-author",""],"builder_content":"<h1>Our Services<\/h1>\n<h3>TYPES OF AUTO REPAIR SERVICES<\/h3>\n\u00a0\n<img src=\"https:\/\/trustrepair.shop\/wp-content\/uploads\/2024\/01\/getty-images-LwVJURJz3Ds-unsplash-1024x683-358x258.jpg\" width=\"358\" height=\"258\" title=\"getty-images-LwVJURJz3Ds-unsplash\" alt=\"getty-images-LwVJURJz3Ds-unsplash\">\n<h3>BODY REPAIR<\/h3> <p style=\"text-align: left;\">You are probably picturing a team of talented technicians working hard to get your car or another vehicle type back to its former glory. And, if so, you wouldn\u2019t be far off. But there\u2019s a lot more to the auto body repair process\u00a0than that, we have raised the bar for quality collision and auto body repair<\/p>\n<img src=\"https:\/\/trustrepair.shop\/wp-content\/uploads\/2024\/01\/engine-e1706382523629-1024x917-358x258.jpeg\" width=\"358\" height=\"258\" title=\"engine\" alt=\"engine\">\n<h3>ENGINE REPAIR<\/h3> <p style=\"text-align: left;\">Regular engine maintenace can bring power and efficiency back to your car. If your vehicle is past the point of preventative maintenance, our technicians can tend to engine repairs to help your vehicle last longer. With something as important as engine repair, trust the experts.<\/p>\n<img src=\"https:\/\/trustrepair.shop\/wp-content\/uploads\/2025\/03\/pexels-daniel-andraski-197681005-11731974-scaled-e1743119596713-999x1024-358x258.jpg\" width=\"358\" height=\"258\" title=\"pexels-daniel-andraski-197681005-11731974\" alt=\"pexels-daniel-andraski-197681005-11731974\">\n<h3>Key Duplication &amp; Programming<\/h3>\nWhatever the emergency, whether you're\u00a0<strong>locked out of your car<\/strong>, need a key replacement or your transponder stopped working , we've got vehicle lock &amp; key professionals that can help.\nChoose <strong>Trust Repair<\/strong> \u00a0for cheap car key replacement and get quality service whenever and wherever you need it.\n<img src=\"https:\/\/trustrepair.shop\/wp-content\/uploads\/2024\/01\/AC-REPAIR-1024x396-358x258.jpeg\" width=\"358\" height=\"258\" title=\"AC REPAIR\" alt=\"AC REPAIR\">\n<h3>AC Repair &amp; Services<\/h3> <p style=\"text-align: left;\">Is your car\u2019s A\/C broken? Don\u2019t sweat it. We can diagnose the problem with an A\/C Performance Check. At TRUST REPAIR, your car is in good hands. \u00a0Our expert auto technicians offer quality car A\/C service and repair at great, affordable prices.<\/p>\n<img src=\"https:\/\/trustrepair.shop\/wp-content\/uploads\/2024\/01\/pexels-abasiakan-12555016-1024x678-358x258.jpg\" width=\"358\" height=\"258\" title=\"pexels-abasiakan-12555016\" alt=\"pexels-abasiakan-12555016\">\n<h3 style=\"text-align: center;\">CAR MAINTENANCE<\/h3> <p>Engine \u201ctune-ups\u201d today can include a wide range of maintenance services, from checking and replacing spark plugs and various filters to cleaning out the fuel system.\u00a0TRUST\u00a0REPAIR\u00a0offers \u201ctune-up\u201d services that make sense for your needs.\u00a0\u00a0If you need more targeted repairs, our technicians will let you know..\u00a0<\/p>\n<img src=\"https:\/\/trustrepair.shop\/wp-content\/uploads\/2024\/01\/pexels-tima-miroshnichenko-6872575-1024x683-358x258.jpg\" width=\"358\" height=\"258\" title=\"pexels-tima-miroshnichenko-6872575\" alt=\"pexels-tima-miroshnichenko-6872575\">\n<h3>CAR WASHING &amp; SHAMPOO<\/h3> <p style=\"text-align: left;\">A car wash service is more than just adding a shine to your vehicle. A full-service car wash provides a thorough cleansing to both the inside and the outside of your car. It is a detailed experience that combines both efficiency and value for money. It is an excellent experience because of how it leaves you feeling to ride in and drive a shiny car.<\/p>\n<a href=\"https:\/\/trustrepair.shop\/fr\/trust-keys\/\" > Trust Keys <\/a>\n<h3>WE'RE COMMITTED TO MEET THE QUALITY<\/h3>\n<p>We\u2019re dedicated to excellence and precision \u2013 two things that have taken us far in the industry. We pride ourselves on our work, and we do whatever it takes to get the job done.<\/p>\n<a href=\"https:\/\/trustrepair.shop\/fr\/contact\/\" > Contact us <\/a>","_links":{"self":[{"href":"https:\/\/trustrepair.shop\/fr\/wp-json\/wp\/v2\/pages\/103","targetHints":{"allow":["GET"]}}],"collection":[{"href":"https:\/\/trustrepair.shop\/fr\/wp-json\/wp\/v2\/pages"}],"about":[{"href":"https:\/\/trustrepair.shop\/fr\/wp-json\/wp\/v2\/types\/page"}],"author":[{"embeddable":true,"href":"https:\/\/trustrepair.shop\/fr\/wp-json\/wp\/v2\/users\/1"}],"replies":[{"embeddable":true,"href":"https:\/\/trustrepair.shop\/fr\/wp-json\/wp\/v2\/comments?post=103"}],"version-history":[{"count":18,"href":"https:\/\/trustrepair.shop\/fr\/wp-json\/wp\/v2\/pages\/103\/revisions"}],"predecessor-version":[{"id":878,"href":"https:\/\/trustrepair.shop\/fr\/wp-json\/wp\/v2\/pages\/103\/revisions\/878"}],"wp:attachment":[{"href":"https:\/\/trustrepair.shop\/fr\/wp-json\/wp\/v2\/media?parent=103"}],"curies":[{"name":"wp","href":"https:\/\/api.w.org\/{rel}","templated":true}]}}