{"id":107,"date":"2019-11-14T13:48:47","date_gmt":"2019-11-14T13:48:47","guid":{"rendered":"http:\/\/trustrepair.shop\/contact\/"},"modified":"2026-04-20T21:03:57","modified_gmt":"2026-04-20T21:03:57","slug":"contact","status":"publish","type":"page","link":"https:\/\/trustrepair.shop\/fr\/contact\/","title":{"rendered":"Contact"},"content":{"rendered":"<!--themify_builder_content-->\n<div id=\"themify_builder_content-107\" data-postid=\"107\" class=\"themify_builder_content themify_builder_content-107 themify_builder tf_clear\">\n                    <div  data-lazy=\"1\" class=\"module_row themify_builder_row tb_ikh0261 tb_first tf_w\">\n            <span  class=\"builder_row_cover tf_abs\" data-lazy=\"1\"><\/span>            <div class=\"row_inner col_align_top tb_col_count_2 tf_box tf_rel\">\n                        <div  data-lazy=\"1\" class=\"module_column tb-column col3-2 tb_p3yk263 first\">\n                    <!-- module text -->\n<div  class=\"module module-text tb_6dr1263\" data-lazy=\"1\">\n        <div  class=\"tb_text_wrap\">\n        <h1>Contact<\/h1>    <\/div>\n<\/div>\n<!-- \/module text -->        <\/div>\n                    <div  data-lazy=\"1\" class=\"module_column tb-column col3-1 tb_3psa264 last\">\n                            <\/div>\n                        <\/div>\n        <\/div>\n                        <div  data-lazy=\"1\" class=\"module_row themify_builder_row tb_ig3q460 tf_w\">\n                        <div class=\"row_inner col_align_top tb_col_count_1 tf_box tf_rel\">\n                        <div  data-lazy=\"1\" class=\"module_column tb-column col-full tb_2u8l460 first\">\n                            <div  data-lazy=\"1\" class=\"module_subrow themify_builder_sub_row tf_w col_align_bottom tb_col_count_2 tb_e5rh667\">\n                <div  data-lazy=\"1\" class=\"module_column sub_column col3-1 tb_0by6669 first\">\n                    <!-- module text -->\n<div  class=\"module module-text tb_zu8k332\" data-lazy=\"1\">\n        <div  class=\"tb_text_wrap\">\n        <h3>ADRESSE<\/h3>    <\/div>\n<\/div>\n<!-- \/module text -->        <\/div>\n                    <div  data-lazy=\"1\" class=\"module_column sub_column col3-2 tb_xgaj669 last\">\n                    <!-- module text -->\n<div  class=\"module module-text tb_z9tq778\" data-lazy=\"1\">\n        <div  class=\"tb_text_wrap\">\n        <h3>POUR TOUTES INFORMATIONS<\/h3>    <\/div>\n<\/div>\n<!-- \/module text --><!-- module text -->\n<div  class=\"module module-text tb_7drq954\" data-lazy=\"1\">\n        <div  class=\"tb_text_wrap\">\n        <p>13, Rue Alexandre Fery, Delmas 33<\/p>    <\/div>\n<\/div>\n<!-- \/module text -->        <\/div>\n                    <\/div>\n                <div  data-lazy=\"1\" class=\"module_subrow themify_builder_sub_row tf_w col_align_top tb_col_count_2 tb_vuw5711\">\n                <div  data-lazy=\"1\" class=\"module_column sub_column col3-1 tb_t9ky641 first\">\n                    <!-- module text -->\n<div  class=\"module module-text tb_299s643\" data-lazy=\"1\">\n        <div  class=\"tb_text_wrap\">\n        <h3>T\u00c9L\u00c9PHONE<\/h3>    <\/div>\n<\/div>\n<!-- \/module text -->        <\/div>\n                    <div  data-lazy=\"1\" class=\"module_column sub_column col3-2 tb_7ng3714 last\">\n                    <!-- module text -->\n<div  class=\"module module-text tb_i5za715\" data-lazy=\"1\">\n        <div  class=\"tb_text_wrap\">\n        <p>\u00a0Office:\u00a0 \u00a0+509 29173333<br>Support: +509 37276490<\/p>    <\/div>\n<\/div>\n<!-- \/module text -->        <\/div>\n                    <\/div>\n                <div  data-lazy=\"1\" class=\"module_subrow themify_builder_sub_row tf_w col_align_top tb_col_count_2 tb_pk0i61\">\n                <div  data-lazy=\"1\" class=\"module_column sub_column col3-1 tb_2g6a62 first\">\n                    <!-- module text -->\n<div  class=\"module module-text tb_yl3g63\" data-lazy=\"1\">\n        <div  class=\"tb_text_wrap\">\n        <h3>Email<\/h3>    <\/div>\n<\/div>\n<!-- \/module text -->        <\/div>\n                    <div  data-lazy=\"1\" class=\"module_column sub_column col3-2 tb_kid263 last\">\n                    <!-- module icon -->\n<div  class=\"module module-icon tb_b917376   none icon_horizontal\" data-lazy=\"1\">\n\t\t\t<div class=\"module-icon-item\">\n\t\t\t\t\t\t\t<a href=\"http:\/\/someemail@site.com\">\n\t\t\t\t\t\t\t\t\t\t\t\t\t\t\t\t\t<em class=\"tf_box\"\n\t\t\t\t\t\t\t\t\t\t\t\t\t\t\t\t\t><svg  class=\"tf_fa tf-ti-email\" xmlns:xlink=\"http:\/\/www.w3.org\/1999\/xlink\" aria-hidden=\"true\"><use href=\"#tf-ti-email\" xlink:href=\"#tf-ti-email\"><\/use><\/svg><\/em>\n\t\t\t\t\t\t\t\t\t\t\t\t\t\t\t\t\t\t\t<span>admin@trustrepair.shop<\/span>\n\t\t\t\t\t\t\t\t\t\t\t\t\t\t\t\t\t<\/a>\n\t\t\t\t\t<\/div>\n\t<\/div>\n<!-- \/module icon -->\n        <\/div>\n                    <\/div>\n                <div  data-lazy=\"1\" class=\"module_subrow themify_builder_sub_row tf_w col_align_top tb_col_count_2 tb_cvne90\">\n                <div  data-lazy=\"1\" class=\"module_column sub_column col3-1 tb_m40c92 first\">\n                    <!-- module text -->\n<div  class=\"module module-text tb_8x8793\" data-lazy=\"1\">\n        <div  class=\"tb_text_wrap\">\n        <h3>Social Media<\/h3>    <\/div>\n<\/div>\n<!-- \/module text -->        <\/div>\n                    <div  data-lazy=\"1\" class=\"module_column sub_column col3-2 tb_1iur93 last\">\n                    <!-- module icon -->\n<div  class=\"module module-icon tb_n99f94   none icon_vertical\" data-lazy=\"1\">\n\t\t\t<div class=\"module-icon-item\">\n\t\t\t\t\t\t\t<a href=\"https:\/\/www.facebook.com\/trustrepairshop\">\n\t\t\t\t\t\t\t\t\t\t\t\t\t\t\t\t\t<em class=\"tf_box\"\n\t\t\t\t\t\t\t\t\t\t\t\t\t\t\t\t\t><svg  class=\"tf_fa tf-ti-facebook\" xmlns:xlink=\"http:\/\/www.w3.org\/1999\/xlink\" aria-hidden=\"true\"><use href=\"#tf-ti-facebook\" xlink:href=\"#tf-ti-facebook\"><\/use><\/svg><\/em>\n\t\t\t\t\t\t\t\t\t\t\t\t\t\t\t\t\t\t\t<span>Facebook<\/span>\n\t\t\t\t\t\t\t\t\t\t\t\t\t\t\t\t\t<\/a>\n\t\t\t\t\t<\/div>\n\t\t\t<div class=\"module-icon-item\">\n\t\t\t\t\t\t\t<a href=\"https:\/\/www.instagram.com\/trustrepairshop\">\n\t\t\t\t\t\t\t\t\t\t\t\t\t\t\t\t\t<em class=\"tf_box\"\n\t\t\t\t\t\t\t\t\t\t\t\t\t\t\t\t\t><svg  class=\"tf_fa tf-ti-instagram\" xmlns:xlink=\"http:\/\/www.w3.org\/1999\/xlink\" aria-hidden=\"true\"><use href=\"#tf-ti-instagram\" xlink:href=\"#tf-ti-instagram\"><\/use><\/svg><\/em>\n\t\t\t\t\t\t\t\t\t\t\t\t\t\t\t\t\t\t\t<span>Instagram<\/span>\n\t\t\t\t\t\t\t\t\t\t\t\t\t\t\t\t\t<\/a>\n\t\t\t\t\t<\/div>\n\t<\/div>\n<!-- \/module icon -->\n        <\/div>\n                    <\/div>\n                <\/div>\n                        <\/div>\n        <\/div>\n                        <div  data-lazy=\"1\" class=\"module_row themify_builder_row tb_lppw201 tf_w\">\n                        <div class=\"row_inner col_align_top tb_col_count_1 tf_box tf_rel\">\n                        <div  data-lazy=\"1\" class=\"module_column tb-column col-full tb_mdi6203 first\">\n                    <!-- module image -->\n<div  class=\"module module-image tb_lfng927 image-overlay rounded drop-shadow bordered  tf_mw\" data-lazy=\"1\">\n        <div class=\"image-wrap tf_rel tf_mw\">\n            <img loading=\"lazy\" decoding=\"async\" src=\"https:\/\/trustrepair.shop\/wp-content\/uploads\/2024\/01\/Trust-Repair-Map--1024x562-1000x549.jpg\" width=\"1000\" height=\"549\" class=\"wp-post-image wp-image-188\" title=\"Trust Repair Map\" alt=\"Trust Repair Map\" srcset=\"https:\/\/trustrepair.shop\/wp-content\/uploads\/2024\/01\/Trust-Repair-Map--1024x562-1000x549.jpg 1000w, https:\/\/trustrepair.shop\/wp-content\/uploads\/2024\/01\/Trust-Repair-Map--300x165.jpg 300w, https:\/\/trustrepair.shop\/wp-content\/uploads\/2024\/01\/Trust-Repair-Map--1024x562.jpg 1024w, https:\/\/trustrepair.shop\/wp-content\/uploads\/2024\/01\/Trust-Repair-Map--768x422.jpg 768w, https:\/\/trustrepair.shop\/wp-content\/uploads\/2024\/01\/Trust-Repair-Map--1536x844.jpg 1536w, https:\/\/trustrepair.shop\/wp-content\/uploads\/2024\/01\/Trust-Repair-Map-.jpg 2008w\" sizes=\"auto, (max-width: 1000px) 100vw, 1000px\" \/>    \n    \n                <\/div>\n        <!-- \/image-wrap -->\n    <\/div>\n<!-- \/module image -->        <\/div>\n                        <\/div>\n        <\/div>\n                        <div  data-lazy=\"1\" class=\"module_row themify_builder_row tb_vz1v844 tf_w\">\n                        <div class=\"row_inner col_align_top tb_col_count_1 tf_box tf_rel\">\n                        <div  data-lazy=\"1\" class=\"module_column tb-column col-full tb_u3io845 first\">\n                    <!-- module fancy heading -->\n<div  class=\"module module-fancy-heading tb_ulhh160\" data-lazy=\"1\">\n        <h3 class=\"fancy-heading tf_textc\">\n    <span class=\"main-head tf_block\">\n                    Contactez-Nous            <\/span>\n\n    \n    <span class=\"sub-head tf_block tf_rel\">\n                    Obtenez des informations sur les r\u00e9parations et des conseils sur l'entretien des v\u00e9hicules. Ensuite, prenez rendez-vous d\u00e8s aujourd'hui chez TRUST REPAIR pour l'entretien et les r\u00e9parations dont vous avez besoin.            <\/span>\n    <\/h3>\n<\/div>\n<!-- \/module fancy heading -->\n<!-- module contact -->\n<div  id=\"tb_a6u1452\" class=\"module module-contact tb_a6u1452 contact-style2\" data-lazy=\"1\">\n    \n\t<form class=\"builder-contact\"\n\t\tid=\"tb_a6u1452-form\"\n\t\tmethod=\"post\"\n\t\tdata-post-id=\"107\"\n\t\tdata-element-id=\"a6u1452\"\n\t\tdata-orig-id=\"107\" action=\"\"\n\t>\n    <div class=\"contact-message\"><\/div>\n\t<input type=\"hidden\" id=\"bc_nonce\" name=\"bc_nonce\" value=\"cc451f6b9f\" \/><input type=\"hidden\" name=\"_wp_http_referer\" value=\"\/fr\/wp-json\/wp\/v2\/pages\/107\" \/>\t<div class=\"builder-contact-fields tf_rel\">\n\t\t    \t\t    <div class=\"builder-contact-field builder-contact-field-name builder-contact-text-field\">\n\t\t\t    <label class=\"control-label\" for=\"tb_a6u1452-contact-name\">\n\t\t\t\t\t\t\t\t\t\t<span class=\"tb-label-span\">Nom <\/span><span class=\"required\">*<\/span>\t\t\t\t<\/label>\n\t\t\t    <div class=\"control-input tf_rel\">\n\t\t\t\t    \t\t\t\t\t    <input type=\"text\" name=\"contact-name\" placeholder=\"\" id=\"tb_a6u1452-contact-name\" value=\"\" class=\"form-control\" required>\n\t\t\t\t    \t\t\t\t    \t\t\t    <\/div>\n\t\t<\/div>\n\t    \n\t\t    \t\t    <div class=\"builder-contact-field builder-contact-field-email builder-contact-text-field\">\n\t\t\t    <label class=\"control-label\" for=\"tb_a6u1452-contact-email\">\n\t\t\t\t\t\t\t\t\t\t<span class=\"tb-label-span\">Email <\/span><span class=\"required\">*<\/span>\t\t\t\t<\/label>\n\t\t\t    <div class=\"control-input tf_rel\">\n\t\t\t\t    \t\t\t\t\t    <input type=\"email\" name=\"contact-email\" placeholder=\"\" id=\"tb_a6u1452-contact-email\" value=\"\" class=\"form-control\" required>\n\t\t\t\t    \t\t\t\t    \t\t\t    <\/div>\n\t\t<\/div>\n\t    \n\t\t    \t\t    <div class=\"builder-contact-field builder-contact-field-subject builder-contact-text-field\">\n\t\t\t    <label class=\"control-label\" for=\"tb_a6u1452-contact-subject\">\n\t\t\t\t\t\t\t\t\t\t<span class=\"tb-label-span\">Sujet <\/span><span class=\"required\">*<\/span>\t\t\t\t<\/label>\n\t\t\t    <div class=\"control-input tf_rel\">\n\t\t\t\t    \t\t\t\t\t    <input type=\"text\" name=\"contact-subject\" placeholder=\"\" id=\"tb_a6u1452-contact-subject\" value=\"\" class=\"form-control\" required>\n\t\t\t\t    \t\t\t\t    \t\t\t    <\/div>\n\t\t<\/div>\n\t    \n\t\t    \t\t    <div class=\"builder-contact-field builder-contact-field-message builder-contact-textarea-field\">\n\t\t\t    <label class=\"control-label\" for=\"tb_a6u1452-contact-message\">\n\t\t\t\t\t\t\t\t\t\t<span class=\"tb-label-span\">Message <\/span>\t\t\t\t<\/label>\n\t\t\t    <div class=\"control-input tf_rel\">\n\t\t\t\t    \t\t\t\t\t    <textarea name=\"contact-message\" placeholder=\"\" id=\"tb_a6u1452-contact-message\" class=\"form-control\"><\/textarea>\n\t\t\t\t    \t\t\t\t    \t\t\t    <\/div>\n\t\t<\/div>\n\t    \n\t\t    \t\t\n\t\t\n\t    \n\t    <div class=\"builder-contact-field builder-contact-field-send control-input tf_textc tf_clear tf_rel\">\n\t\t\t<button type=\"submit\" class=\"btn btn-primary\">\n\t\t\t\t<span class=\"tf_loader\"><\/span>\t\t\t\t<span class=\"tf_submit_icon\"><\/span> \n\t\t\t\tENVOYER\t\t\t<\/button>\n\t    <\/div>\n\t<\/div>\n    <input type=\"hidden\" name=\"trp-form-language\" value=\"fr\"\/><\/form>\n    <\/div>\n<!-- \/module contact -->\n        <\/div>\n                        <\/div>\n        <\/div>\n                        <div  data-lazy=\"1\" class=\"module_row themify_builder_row tb_4jjl237 tf_w\">\n                        <div class=\"row_inner col_align_top tb_col_count_1 tf_box tf_rel\">\n                        <div  data-lazy=\"1\" class=\"module_column tb-column col-full tb_3rpu237 first\">\n                            <\/div>\n                        <\/div>\n        <\/div>\n        <\/div>\n<!--\/themify_builder_content-->","protected":false},"excerpt":{"rendered":"<p>Contact<\/p>","protected":false},"author":1,"featured_media":0,"parent":0,"menu_order":0,"comment_status":"closed","ping_status":"closed","template":"","meta":{"_seopress_robots_primary_cat":"","_seopress_titles_title":"","_seopress_titles_desc":"","_seopress_robots_index":"","_analytify_skip_tracking":false,"footnotes":""},"class_list":["post-107","page","type-page","status-publish","hentry","has-post-title","has-post-date","has-post-category","has-post-tag","has-post-comment","has-post-author",""],"builder_content":"<h1>Contact<\/h1>\n<h3>Address<\/h3>\n<h3>Contact Information<\/h3>\n<p>13, Rue Alexandre Fery, Delmas 33<\/p>\n<h3>Phone<\/h3>\n<p>\u00a0Office:\u00a0 \u00a0+509 29173333<br>Support: +509 37276490<\/p>\n<h3>Email<\/h3>\n<a href=\"http:\/\/someemail@site.com\"> <em ><svg xmlns:xlink=\"http:\/\/www.w3.org\/1999\/xlink\" aria-hidden=\"true\"><use href=\"#tf-ti-email\" xlink:href=\"#tf-ti-email\"><\/use><\/svg><\/em> admin@trustrepair.shop <\/a>\n<h3>Social Media<\/h3>\n<a href=\"https:\/\/www.facebook.com\/trustrepairshop\"> <em ><svg xmlns:xlink=\"http:\/\/www.w3.org\/1999\/xlink\" aria-hidden=\"true\"><use href=\"#tf-ti-facebook\" xlink:href=\"#tf-ti-facebook\"><\/use><\/svg><\/em> Facebook <\/a> <a href=\"https:\/\/www.instagram.com\/trustrepairshop\"> <em ><svg xmlns:xlink=\"http:\/\/www.w3.org\/1999\/xlink\" aria-hidden=\"true\"><use href=\"#tf-ti-instagram\" xlink:href=\"#tf-ti-instagram\"><\/use><\/svg><\/em> Instagram <\/a>\n<img src=\"https:\/\/trustrepair.shop\/wp-content\/uploads\/2024\/01\/Trust-Repair-Map--1024x562-1000x549.jpg\" width=\"1000\" height=\"549\" title=\"Trust Repair Map\" alt=\"Trust Repair Map\" srcset=\"https:\/\/trustrepair.shop\/wp-content\/uploads\/2024\/01\/Trust-Repair-Map--1024x562-1000x549.jpg 1000w, https:\/\/trustrepair.shop\/wp-content\/uploads\/2024\/01\/Trust-Repair-Map--300x165.jpg 300w, https:\/\/trustrepair.shop\/wp-content\/uploads\/2024\/01\/Trust-Repair-Map--1024x562.jpg 1024w, https:\/\/trustrepair.shop\/wp-content\/uploads\/2024\/01\/Trust-Repair-Map--768x422.jpg 768w, https:\/\/trustrepair.shop\/wp-content\/uploads\/2024\/01\/Trust-Repair-Map--1536x844.jpg 1536w, https:\/\/trustrepair.shop\/wp-content\/uploads\/2024\/01\/Trust-Repair-Map-.jpg 2008w\" sizes=\"(max-width: 1000px) 100vw, 1000px\" \/>\n<h3>Contact us<br\/>Get information on repairs, and tips on vehicle maintenance. Then, schedule an appointment at TRUST REPAIR today for the maintenance and repairs you need.<\/h3>\n<form id=\"tb_a6u1452-form\" method=\"post\" data-post-id=\"0\" data-element-id=\"a6u1452\" data-orig-id=\"107\" > <input type=\"hidden\" id=\"bc_nonce\" name=\"bc_nonce\" value=\"cc451f6b9f\" \/><input type=\"hidden\" name=\"_wp_http_referer\" value=\"\/fr\/wp-json\/wp\/v2\/pages\/107\" \/> <label for=\"tb_a6u1452-contact-name\"> Name * <\/label> <input type=\"text\" name=\"contact-name\" placeholder=\"\" id=\"tb_a6u1452-contact-name\" value=\"\" required> <label for=\"tb_a6u1452-contact-email\"> Email * <\/label> <input type=\"email\" name=\"contact-email\" placeholder=\"\" id=\"tb_a6u1452-contact-email\" value=\"\" required> <label for=\"tb_a6u1452-contact-subject\"> Subject * <\/label> <input type=\"text\" name=\"contact-subject\" placeholder=\"\" id=\"tb_a6u1452-contact-subject\" value=\"\" required> <label for=\"tb_a6u1452-contact-message\"> Message <\/label> <textarea name=\"contact-message\" placeholder=\"\" id=\"tb_a6u1452-contact-message\"><\/textarea> <button type=\"submit\"> Send <\/button> <\/form>","_links":{"self":[{"href":"https:\/\/trustrepair.shop\/fr\/wp-json\/wp\/v2\/pages\/107","targetHints":{"allow":["GET"]}}],"collection":[{"href":"https:\/\/trustrepair.shop\/fr\/wp-json\/wp\/v2\/pages"}],"about":[{"href":"https:\/\/trustrepair.shop\/fr\/wp-json\/wp\/v2\/types\/page"}],"author":[{"embeddable":true,"href":"https:\/\/trustrepair.shop\/fr\/wp-json\/wp\/v2\/users\/1"}],"replies":[{"embeddable":true,"href":"https:\/\/trustrepair.shop\/fr\/wp-json\/wp\/v2\/comments?post=107"}],"version-history":[{"count":13,"href":"https:\/\/trustrepair.shop\/fr\/wp-json\/wp\/v2\/pages\/107\/revisions"}],"predecessor-version":[{"id":880,"href":"https:\/\/trustrepair.shop\/fr\/wp-json\/wp\/v2\/pages\/107\/revisions\/880"}],"wp:attachment":[{"href":"https:\/\/trustrepair.shop\/fr\/wp-json\/wp\/v2\/media?parent=107"}],"curies":[{"name":"wp","href":"https:\/\/api.w.org\/{rel}","templated":true}]}}