{"id":108,"date":"2019-11-12T13:53:25","date_gmt":"2019-11-12T13:53:25","guid":{"rendered":"http:\/\/trustrepair.shop\/about\/"},"modified":"2026-04-20T21:03:13","modified_gmt":"2026-04-20T21:03:13","slug":"about","status":"publish","type":"page","link":"https:\/\/trustrepair.shop\/fr\/about\/","title":{"rendered":"\u00c0 Propos"},"content":{"rendered":"<!--themify_builder_content-->\n<div id=\"themify_builder_content-108\" data-postid=\"108\" class=\"themify_builder_content themify_builder_content-108 themify_builder tf_clear\">\n                    <div  data-lazy=\"1\" class=\"module_row themify_builder_row tb_0are602 tb_first tf_w\">\n            <span  class=\"builder_row_cover tf_abs\" data-lazy=\"1\"><\/span>            <div class=\"row_inner col_align_top tb_col_count_2 tf_box tf_rel\">\n                        <div  data-lazy=\"1\" class=\"module_column tb-column col3-2 tb_g7y7603 first\">\n                    <!-- module text -->\n<div  class=\"module module-text tb_ka8q603\" data-lazy=\"1\">\n        <div  class=\"tb_text_wrap\">\n        <h1>\u00c0 propos de nous<\/h1>    <\/div>\n<\/div>\n<!-- \/module text -->        <\/div>\n                    <div  data-lazy=\"1\" class=\"module_column tb-column col3-1 tb_lzlm604 last\">\n                            <\/div>\n                        <\/div>\n        <\/div>\n                        <div  data-lazy=\"1\" class=\"module_row themify_builder_row tb_8tv2756 tf_w\">\n                        <div class=\"row_inner col_align_top tb_col_count_1 tf_box tf_rel\">\n                        <div  data-lazy=\"1\" class=\"module_column tb-column col-full tb_6zb1758 first\">\n                    <!-- module image -->\n<div  class=\"module module-image tb_z94h409 image-center   tf_mw\" data-lazy=\"1\">\n        <div class=\"image-wrap tf_rel tf_mw\">\n            <img loading=\"lazy\" decoding=\"async\" src=\"https:\/\/trustrepair.shop\/wp-content\/uploads\/2024\/01\/Trust_Repair-Logo-e1706298990610-417x200.png\" width=\"417\" height=\"200\" title=\"\u00c0 Propos\" alt=\"About\">    \n        <\/div>\n    <!-- \/image-wrap -->\n    \n        <\/div>\n<!-- \/module image --><!-- module text -->\n<div  class=\"module module-text tb_1cpn394\" data-lazy=\"1\">\n        <div  class=\"tb_text_wrap\">\n        <h2 class=\"title text-align-left\">\"Confiance totale et commodit\u00e9 absolue\"<\/h2>    <\/div>\n<\/div>\n<!-- \/module text -->        <div  data-lazy=\"1\" class=\"module_subrow themify_builder_sub_row tf_w col_align_top tb_col_count_2 tb_2c7l361\">\n                <div  data-lazy=\"1\" class=\"module_column sub_column tb_k5z4362 first\">\n                    <!-- module text -->\n<div  class=\"module module-text tb_uabu583\" data-lazy=\"1\">\n        <div  class=\"tb_text_wrap\">\n        <p style=\"text-align: left;\"><span style=\"color: rgb(36, 35, 35);\">Chez <span style=\"font-weight: bold;\">TRUST<\/span> <span style=\"font-weight: bold;\">REPAIR<\/span>, nous vous offrons une exp\u00e9rience compl\u00e8te. D\u00e8s votre arriv\u00e9e, vous \u00eates accueilli avec l'un des meilleurs services \u00e0 la client\u00e8le qui peut vous fournir des connaissances actualis\u00e9es sur nos produits de qualit\u00e9, les bonnes solutions pour vos besoins en entretien automobile. Parce que nous croyons que chaque client devrait partir avec une confiance totale en sachant que nous avons contribu\u00e9 \u00e0 ce que leur voiture fonctionne plus longtemps et plus r\u00e9cente.<\/span><\/p>\n<p style=\"text-align: justify;\"><span style=\"color: rgb(36, 35, 35);\">Nous savons que votre temps est pr\u00e9cieux. Et il n'y a jamais de moment opportun pour faire entretenir ou v\u00e9rifier votre voiture. C'est pourquoi nous nous engageons \u00e0 donner \u00e0 votre voiture les soins complets dont elle a besoin, bien faits, d\u00e8s la premi\u00e8re fois. Apr\u00e8s tout, nous sommes fiers de vous remettre sur la route en toute s\u00e9curit\u00e9 d\u00e8s que possible.<\/span><\/p>    <\/div>\n<\/div>\n<!-- \/module text -->        <\/div>\n                    <div  data-lazy=\"1\" class=\"module_column sub_column tb_khp3362 last\">\n                    <!-- module text -->\n<div  class=\"module module-text tb_qdm9883\" data-lazy=\"1\">\n        <div  class=\"tb_text_wrap\">\n        <div class=\"col\">\n<section id=\"fifty-fifty-left\" class=\"fifty-fifty-basic fifty-fifty-basic\">\n<div class=\"container\">\n<div class=\"col\">\n<div class=\"copy-container\">\n<div class=\"copy\">\n<p><span style=\"color: #242323;\">Personne n'attend avec impatience les moments o\u00f9 sa voiture a besoin d'une attention particuli\u00e8re. Chez TRUST REPAIR, nous le comprenons parfaitement. C\u2019est pourquoi nous traitons chaque v\u00e9hicule avec le plus grand soin, comme s\u2019il s\u2019agissait du n\u00f4tre. Notre \u00e9quipe de professionnels comprend les voitures et les personnes qui les conduisent. Nous utilisons une technologie de pointe et proposons des produits de qualit\u00e9 issus de marques de confiance \u2014 tout cela pour vous offrir une exp\u00e9rience compl\u00e8te d\u00e9di\u00e9e au soin de votre voiture.<\/span><\/p>\n<div class=\"w-full text-token-text-primary\" data-testid=\"conversation-turn-12\">\n<div class=\"px-4 py-2 justify-center text-base md:gap-6 m-auto\">\n<div class=\"flex flex-1 text-base mx-auto gap-3 md:px-5 lg:px-1 xl:px-5 md:max-w-3xl lg:max-w-[40rem] xl:max-w-[48rem] group\">\n<div class=\"relative flex w-full flex-col lg:w-[calc(100%-115px)]\">\n<div class=\"flex-col gap-1 md:gap-3\">\n<div class=\"flex flex-grow flex-col max-w-full\">\n<div class=\"min-h-[20px] text-message flex flex-col items-start gap-3 whitespace-pre-wrap break-words [.text-message+&amp;]:mt-5 overflow-x-auto\" data-message-author-role=\"user\" data-message-id=\"aaa2df2e-764e-4be4-a032-975b8468e685\">\n<div><span style=\"color: #242323;\">Nos techniciens sont fiers de comprendre votre v\u00e9hicule de pare-chocs \u00e0 pare-chocs. De plus, nous r\u00e9pondrons toujours \u00e0 vos questions et vous expliquerons notre travail afin que vous vous sentiez \u00e0 l'aise d\u00e8s votre arriv\u00e9e jusqu'\u00e0 ce que vous soyez de retour sur la route.<\/span><\/div>\n<div><span style=\"color: #242323;\">\u00a0<\/span><\/div>\n<\/div>\n<\/div>\n<\/div>\n<\/div>\n<div><span style=\"color: #242323;\">Nous nous engageons \u00e0 fournir le meilleur service \u00e0 la client\u00e8le et \u00e0 offrir les bonnes solutions, afin que vous puissiez avoir confiance en sachant que nous sommes votre solution compl\u00e8te en mati\u00e8re d'entretien automobile.<\/span><\/div>\n<\/div>\n<\/div>\n<\/div>\n<\/div>\n<\/div>\n<\/div>\n<\/div>\n<\/section>\n<\/div>    <\/div>\n<\/div>\n<!-- \/module text -->        <\/div>\n                    <\/div>\n                <\/div>\n                        <\/div>\n        <\/div>\n                        <div  data-lazy=\"1\" class=\"module_row themify_builder_row tb_2d6x172 tf_w\">\n                        <div class=\"row_inner col_align_top tb_col_count_1 tf_box tf_rel\">\n                        <div  data-lazy=\"1\" class=\"module_column tb-column col-full tb_l6rk173 first\">\n                            <div  data-lazy=\"1\" class=\"module_subrow themify_builder_sub_row tf_w col_align_top tb_col_count_3 tb_77g2174\">\n                <div  data-lazy=\"1\" class=\"module_column sub_column col3-1 tb_8hys175 first\">\n                            <\/div>\n                    <div  data-lazy=\"1\" class=\"module_column sub_column col3-1 tb_n0x3177\">\n                            <\/div>\n                    <div  data-lazy=\"1\" class=\"module_column sub_column col3-1 tb_lph2178 last\">\n                            <\/div>\n                    <\/div>\n                <div  data-lazy=\"1\" class=\"module_subrow themify_builder_sub_row tf_w col_align_top tb_col_count_3 tb_r460382\">\n                <div  data-lazy=\"1\" class=\"module_column sub_column col3-1 tb_a0km384 first\">\n                            <\/div>\n                    <div  data-lazy=\"1\" class=\"module_column sub_column col3-1 tb_o1gi386\">\n                            <\/div>\n                    <div  data-lazy=\"1\" class=\"module_column sub_column col3-1 tb_f7xw387 last\">\n                            <\/div>\n                    <\/div>\n                <\/div>\n                        <\/div>\n        <\/div>\n                        <div  data-lazy=\"1\" class=\"module_row themify_builder_row tb_pkml814 tf_w\">\n                        <div class=\"row_inner col_align_top tb_col_count_1 tf_box tf_rel\">\n                        <div  data-lazy=\"1\" class=\"module_column tb-column col-full tb_ojvp816 first\">\n                    <!-- module template_part -->\n<div  class=\"module module-layout-part tb_x4p9586\">\n    <div class=\"tb_layout_part_wrap tf_w\"><!--themify_builder_content-->\n    <div  class=\"themify_builder_content themify_builder_content-101 themify_builder not_editable_builder in_the_loop\" data-postid=\"101\">\n                        <div  data-lazy=\"1\" class=\"module_row themify_builder_row tb_0l7c330 tf_w\">\n                        <div class=\"row_inner col_align_top tb_col_count_1 tf_box tf_rel\">\n                        <div  data-lazy=\"1\" class=\"module_column tb-column col-full tb_bf9a331 first\">\n                            <div  data-lazy=\"1\" class=\"module_subrow themify_builder_sub_row tf_w col_align_top tb_col_count_4 tb_wda5332\">\n                <div  data-lazy=\"1\" class=\"module_column sub_column col4-1 tb_b3v9332 first\">\n                            <\/div>\n                    <div  data-lazy=\"1\" class=\"module_column sub_column col4-1 tb_obuf333\">\n                            <\/div>\n                    <div  data-lazy=\"1\" class=\"module_column sub_column col4-1 tb_myfp334\">\n                            <\/div>\n                    <div  data-lazy=\"1\" class=\"module_column sub_column col4-1 tb_z4jp334 last\">\n                            <\/div>\n                    <\/div>\n                <\/div>\n                        <\/div>\n        <\/div>\n            <\/div>\n<!--\/themify_builder_content--><\/div>\n<\/div>\n<!-- \/module template_part -->        <\/div>\n                        <\/div>\n        <\/div>\n        <\/div>\n<!--\/themify_builder_content-->","protected":false},"excerpt":{"rendered":"<p>\u00c0 propos de nous<\/p>","protected":false},"author":1,"featured_media":0,"parent":0,"menu_order":0,"comment_status":"closed","ping_status":"closed","template":"","meta":{"_seopress_robots_primary_cat":"","_seopress_titles_title":"","_seopress_titles_desc":"","_seopress_robots_index":"","_analytify_skip_tracking":false,"footnotes":""},"class_list":["post-108","page","type-page","status-publish","hentry","has-post-title","has-post-date","has-post-category","has-post-tag","has-post-comment","has-post-author",""],"builder_content":"<h1>About Us<\/h1>\n<img src=\"https:\/\/trustrepair.shop\/wp-content\/uploads\/2024\/01\/Trust_Repair-Logo-e1706298990610-417x200.png\" width=\"417\" height=\"200\" title=\"About\" alt=\"About\">\n<h2>COMPLETE CONFIDENCE AND CONVENIENCE<\/h2>\n<p style=\"text-align: left;\">At TRUST REPAIR, we offer you the complete experience. From the moment you walk in, you\u2019re met with some of the best customer service that can provide up-to-date knowledge on our quality products, the right solutions for your auto care needs. Because we believe that every customer should leave with complete confidence in knowing we helped their car run newer longer<\/p> <p style=\"text-align: justify;\">we know your time is valuable. And there\u2019s never a convenient time to get your car serviced or checked up. Which is why we\u2019re committed to giving your car the complete care it needs, done right, the first time. After all, we pride ourselves in getting you back on the road safely as soon as possible.<\/p>\n<section id=\"fifty-fifty-left\">\n<p>Nobody looks forward to the moments when your car needs a little extra attention. And at TRUST REPAIR, we get that. That\u2019s why we\u2019ve been treating every vehicle with complete care as if it were our own. And it\u2019s because our team of professionals understands cars and the people who drive them. We use advanced technology and offer quality products from brands you trust\u2014all of which add up to a complete, car caring experience.<\/p>\nOur technicians take pride in understanding your vehicle from bumper to bumper. Plus, we\u2019ll always answer your questions and explain our work to you so you feel comfortable from the moment you walk in until you\u2019re back on the road. \u00a0\nWe promise to provide the best customer service and offer the right solutions, so you can feel confident in knowing we\u2019re your complete auto care solution.\n<\/section>\n<img src=\"https:\/\/trustrepair.shop\/wp-content\/uploads\/2024\/01\/handshake-icon-74x74-1-74x74.png\" width=\"74\" height=\"74\" title=\"120\" alt=\"Finished Projects\" srcset=\"https:\/\/trustrepair.shop\/wp-content\/uploads\/2024\/01\/handshake-icon-74x74-1.png 74w, https:\/\/trustrepair.shop\/wp-content\/uploads\/2024\/01\/handshake-icon-74x74-1-80x80.png 80w\" sizes=\"(max-width: 74px) 100vw, 74px\" \/> <h3> 120 <\/h3> Finished Projects\n<img src=\"https:\/\/trustrepair.shop\/wp-content\/uploads\/2024\/01\/expert-icon-74x74-1-74x74.png\" width=\"74\" height=\"74\" title=\"165\" alt=\"Team Members\"> <h3> 165 <\/h3> Team Members\n<img src=\"https:\/\/trustrepair.shop\/wp-content\/uploads\/2024\/01\/badge-icon-74x74-1-74x74.png\" width=\"74\" height=\"74\" title=\"14+\" alt=\"Received Awards\"> <h3> 14+ <\/h3> Received Awards\n<h3>Our Team<br\/>Lorem ipsum dolor sit amet, consectetur adipiscing elit, sed do eiusmod tempor incididunt ut labore et dolore magna aliqua.<\/h3>","_links":{"self":[{"href":"https:\/\/trustrepair.shop\/fr\/wp-json\/wp\/v2\/pages\/108","targetHints":{"allow":["GET"]}}],"collection":[{"href":"https:\/\/trustrepair.shop\/fr\/wp-json\/wp\/v2\/pages"}],"about":[{"href":"https:\/\/trustrepair.shop\/fr\/wp-json\/wp\/v2\/types\/page"}],"author":[{"embeddable":true,"href":"https:\/\/trustrepair.shop\/fr\/wp-json\/wp\/v2\/users\/1"}],"replies":[{"embeddable":true,"href":"https:\/\/trustrepair.shop\/fr\/wp-json\/wp\/v2\/comments?post=108"}],"version-history":[{"count":7,"href":"https:\/\/trustrepair.shop\/fr\/wp-json\/wp\/v2\/pages\/108\/revisions"}],"predecessor-version":[{"id":879,"href":"https:\/\/trustrepair.shop\/fr\/wp-json\/wp\/v2\/pages\/108\/revisions\/879"}],"wp:attachment":[{"href":"https:\/\/trustrepair.shop\/fr\/wp-json\/wp\/v2\/media?parent=108"}],"curies":[{"name":"wp","href":"https:\/\/api.w.org\/{rel}","templated":true}]}}